{"id":987,"date":"2025-12-13T14:08:12","date_gmt":"2025-12-13T14:08:12","guid":{"rendered":"https:\/\/www.borgosanfrancesco.it\/?page_id=987"},"modified":"2025-12-17T16:57:46","modified_gmt":"2025-12-17T16:57:46","slug":"servizi-e-attivita","status":"publish","type":"page","link":"https:\/\/www.borgosanfrancesco.it\/de\/dienstleistungen-und-aktivitaten\/","title":{"rendered":"Dienstleistungen und Aktivit\u00e4ten"},"content":{"rendered":"<div data-elementor-type=\"wp-page\" data-elementor-id=\"987\" class=\"elementor elementor-987\" data-elementor-post-type=\"page\">\n\t\t\t\t\t\t<section class=\"elementor-section elementor-top-section elementor-element elementor-element-dfdc8fb elementor-section-full_width elementor-section-height-default elementor-section-height-default\" data-id=\"dfdc8fb\" data-element_type=\"section\">\n\t\t\t\t\t\t<div class=\"elementor-container elementor-column-gap-default\">\n\t\t\t\t\t<div class=\"elementor-column elementor-col-100 elementor-top-column elementor-element elementor-element-e34c3f4\" data-id=\"e34c3f4\" data-element_type=\"column\">\n\t\t\t<div class=\"elementor-widget-wrap elementor-element-populated\">\n\t\t\t\t\t\t<div class=\"elementor-element elementor-element-8a180d2 elementor-widget elementor-widget-bsf-two-column-content\" data-id=\"8a180d2\" data-element_type=\"widget\" data-widget_type=\"bsf-two-column-content.default\">\n\t\t\t\t<div class=\"elementor-widget-container\">\n\t\t\t\t\t        <section class=\"bsf-two-column-section bsf-img-right\" >\n            <div class=\"bsf-two-column-container\" style=\"align-items: center;\">\n                <div class=\"bsf-two-column-content\">\n                                        \n                                            <h2 class=\"bsf-two-column-title\">Schwimmbad inmitten von Olivenb\u00e4umen am Fu\u00dfe des Nebrodi-Gebirges<\/h2>\n                    \n                    <div class=\"bsf-two-column-description\">\n                        <p><span style=\"font-weight: 400;\">Abschalten, den Verkehr vergessen,<\/span><span style=\"font-weight: 400;\">\u2019<\/span><span style=\"font-weight: 400;\">B\u00fcro- und Mobiltelefon\u2026<\/span><span style=\"font-weight: 400;\"><br \/><\/span><span style=\"font-weight: 400;\">Es ist Zeit, im Urlaub ein Bad zu nehmen.<\/span><\/p><p><span style=\"font-weight: 400;\">Ein exklusiv f\u00fcr Borgo-G\u00e4ste reservierter Swimmingpool, umgeben von Gr\u00fcn.<\/span><\/p><p><span style=\"font-weight: 400;\">Stell dir vor<\/span><span style=\"font-weight: 400;\">\u2019<\/span><span style=\"font-weight: 400;\">frisches, klares Wasser, umgeben von Olivenb\u00e4umen.<\/span><span style=\"font-weight: 400;\"><br \/><\/span><span style=\"font-weight: 400;\">Die Kinder spielen in der sicheren Zone, Sie beobachten sie aufmerksam, w\u00e4hrend Sie sich endlich entspannen.<\/span><\/p><p><span style=\"font-weight: 400;\">Es ist das<\/span><span style=\"font-weight: 400;\">\u2019<\/span><span style=\"font-weight: 400;\">einziges Bauernhaus mit Swimmingpool<\/span><span style=\"font-weight: 400;\">\u2019<\/span><span style=\"font-weight: 400;\">innerhalb eines l\u00e4ndlichen Dorfes:<\/span><span style=\"font-weight: 400;\"><br \/><\/span><span style=\"font-weight: 400;\">A<\/span><span style=\"font-weight: 400;\">\u2019<\/span><span style=\"font-weight: 400;\">Eine Oase der Ruhe, in der die Zeit wahrhaftig langsamer vergeht.<\/span><\/p><p><span style=\"font-weight: 400;\">Nach dem Schwimmen legt man sich in die Sonne und atmet den berauschenden Duft der B\u00e4ume ein.<\/span><span style=\"font-weight: 400;\">\u2019<\/span><span style=\"font-weight: 400;\">orange<\/span><span style=\"font-weight: 400;\"><br \/><\/span><span style=\"font-weight: 400;\">und lass K\u00f6rper und Geist zur Ruhe kommen.<\/span><\/p><p><strong>Das Schwimmbad ist von 9:00 bis 20:00 Uhr ge\u00f6ffnet.<\/strong><span style=\"font-weight: 400;\"><br \/><\/span><span style=\"font-weight: 400;\">Es misst 12 x 5 Meter und hat eine variable Tiefe:<\/span><span style=\"font-weight: 400;\"><br \/><\/span><span style=\"font-weight: 400;\">von etwa 1,30 m im flachen Bereich bis zu 1,95 m im tiefsten Teil.<\/span><span style=\"font-weight: 400;\"><br \/><\/span><span style=\"font-weight: 400;\">Die Form ist trichterf\u00f6rmig: flacher f\u00fcr Kinder, tiefer f\u00fcr alle, die in Ruhe schwimmen m\u00f6chten.<\/span><\/p>                    <\/div>\n\n                    \n                                    <\/div>\n                \n                <div class=\"bsf-two-column-image\">\n                    <img fetchpriority=\"high\" decoding=\"async\" width=\"768\" height=\"1024\" src=\"https:\/\/www.borgosanfrancesco.it\/wp-content\/uploads\/2025\/12\/Piscina-768x1024.webp\" class=\"bsf-two-col-img not-transparent\" alt=\"Bauernhaus mit Pool in Meeresn\u00e4he in Sizilien\" srcset=\"https:\/\/www.borgosanfrancesco.it\/wp-content\/uploads\/2025\/12\/Piscina-768x1024.webp 768w, https:\/\/www.borgosanfrancesco.it\/wp-content\/uploads\/2025\/12\/Piscina-1152x1536.webp 1152w, https:\/\/www.borgosanfrancesco.it\/wp-content\/uploads\/2025\/12\/Piscina.webp 1500w\" sizes=\"(max-width: 768px) 100vw, 768px\" data-has-transparency=\"false\" data-dominant-color=\"54786d\" style=\"--dominant-color: #54786d;\" \/>                <\/div>\n            <\/div>\n        <\/section>\n        \t\t\t\t<\/div>\n\t\t\t\t<\/div>\n\t\t\t\t<div class=\"elementor-element elementor-element-c4e679d elementor-widget elementor-widget-bsf-two-column-content\" data-id=\"c4e679d\" data-element_type=\"widget\" data-widget_type=\"bsf-two-column-content.default\">\n\t\t\t\t<div class=\"elementor-widget-container\">\n\t\t\t\t\t        <section class=\"bsf-two-column-section bsf-img-left\" >\n            <div class=\"bsf-two-column-container\" style=\"align-items: center;\">\n                <div class=\"bsf-two-column-content\">\n                                        \n                                            <h2 class=\"bsf-two-column-title\">Natur- und Outdoor-Spiele<\/h2>\n                    \n                    <div class=\"bsf-two-column-description\">\n                        <p><strong>Hier gehen die Kinder wieder drau\u00dfen spielen.<\/strong><\/p><p><span style=\"font-weight: 400;\">Das Dorf ist ruhig, abseits vom Verkehr, und Kinder k\u00f6nnen sich in den gro\u00dfen Gr\u00fcnfl\u00e4chen frei bewegen.<\/span><span style=\"font-weight: 400;\"><br \/><\/span><span style=\"font-weight: 400;\">Und in der Zwischenzeit leben sie dort.<\/span><span style=\"font-weight: 400;\">\u2019<\/span><span style=\"font-weight: 400;\">Eine Kindheit, die Eltern lieben: frische Luft, Freiheit, Fantasie.<\/span><\/p><p><span style=\"font-weight: 400;\">Unter dem Pool befindet sich ein Bereich, der zum Bewegen, Lachen und geselligen Beisammensein einl\u00e4dt.<\/span><span style=\"font-weight: 400;\"><br \/><\/span><span style=\"font-weight: 400;\">Hier bringen die Spiele die Augen der Kinder zum Leuchten und wecken ein wenig Erinnerungen.<\/span><span style=\"font-weight: 400;\">\u2019 <\/span><span style=\"font-weight: 400;\">Auch Erwachsene sind wieder da.<\/span><\/p><p><span style=\"font-weight: 400;\">Spiele, die man mit den H\u00e4nden, mit dem K\u00f6rper und mit der Fantasie erlebt.<\/span><\/p><p><span style=\"font-weight: 400;\">Da ist die Aufnahme mit dem<\/span><span style=\"font-weight: 400;\">\u2019<\/span><span style=\"font-weight: 400;\">Bogen, wo man zwischen den Olivenb\u00e4umen seine Treffsicherheit testet.<\/span><span style=\"font-weight: 400;\"><br \/><\/span><span style=\"font-weight: 400;\">Tischtennis, perfekt f\u00fcr schnelle Spiele nach dem Baden.<\/span><span style=\"font-weight: 400;\"><br \/><\/span><span style=\"font-weight: 400;\">Darts, die sofort f\u00fcr Urlaubsstimmung sorgen.<\/span><span style=\"font-weight: 400;\"><br \/><\/span><span style=\"font-weight: 400;\">Eine Schaukel, die wieder zum einfachsten und sch\u00f6nsten Zufluchtsort f\u00fcr die Kleinen wird.<\/span><span style=\"font-weight: 400;\"><br \/><\/span><span style=\"font-weight: 400;\">Und sogar eine kleine Bocciabahn, wo Spiele bei Sonnenuntergang zum t\u00e4glichen Ritual geworden sind.<\/span><\/p><p><span style=\"font-weight: 400;\">Neben der Rezeption finden die Kleinen auch einen Indoor-Spielbereich. <\/span><span style=\"font-weight: 400;\">mit Tischfu\u00dfball, Brettspielen und B\u00fcchern: die<\/span><span style=\"font-weight: 400;\">\u2019<\/span><span style=\"font-weight: 400;\">Die ideale Ecke, wenn man einen Moment der Ruhe oder ein wenig Zeit braucht.<\/span><span style=\"font-weight: 400;\">\u2019 <\/span><span style=\"font-weight: 400;\">d<\/span><span style=\"font-weight: 400;\">\u2019<\/span><span style=\"font-weight: 400;\">Schatten.<\/span><\/p><p><span style=\"font-weight: 400;\">Einfache Spiele, die zu sch\u00f6nen Erinnerungen werden.<\/span><\/p>                    <\/div>\n\n                    \n                                    <\/div>\n                \n                <div class=\"bsf-two-column-image\">\n                    <img decoding=\"async\" width=\"800\" height=\"447\" src=\"https:\/\/www.borgosanfrancesco.it\/wp-content\/uploads\/2025\/12\/Area-giochi-1024x572.webp\" class=\"bsf-two-col-img not-transparent\" alt=\"Gioiosa Marea Bauernhaus auf Sizilien\" srcset=\"https:\/\/www.borgosanfrancesco.it\/wp-content\/uploads\/2025\/12\/Area-giochi-1024x572.webp 1024w, https:\/\/www.borgosanfrancesco.it\/wp-content\/uploads\/2025\/12\/Area-giochi-768x429.webp 768w, https:\/\/www.borgosanfrancesco.it\/wp-content\/uploads\/2025\/12\/Area-giochi-1536x857.webp 1536w, https:\/\/www.borgosanfrancesco.it\/wp-content\/uploads\/2025\/12\/Area-giochi-2048x1143.webp 2048w\" sizes=\"(max-width: 800px) 100vw, 800px\" data-has-transparency=\"false\" data-dominant-color=\"696a38\" style=\"--dominant-color: #696a38;\" \/>                <\/div>\n            <\/div>\n        <\/section>\n        \t\t\t\t<\/div>\n\t\t\t\t<\/div>\n\t\t\t\t<div class=\"elementor-element elementor-element-e6fa234 elementor-widget elementor-widget-bsf-two-column-content\" data-id=\"e6fa234\" data-element_type=\"widget\" data-widget_type=\"bsf-two-column-content.default\">\n\t\t\t\t<div class=\"elementor-widget-container\">\n\t\t\t\t\t        <section class=\"bsf-two-column-section bsf-img-right\" >\n            <div class=\"bsf-two-column-container\" style=\"align-items: center;\">\n                <div class=\"bsf-two-column-content\">\n                                        \n                                            <h2 class=\"bsf-two-column-title\">Sport im Wald und idyllisches Lesen<\/h2>\n                    \n                    <div class=\"bsf-two-column-description\">\n                        <p><span style=\"font-weight: 400;\">Zwischen einem Bad und<\/span><span style=\"font-weight: 400;\">\u2019<\/span><span style=\"font-weight: 400;\">Au\u00dferdem k\u00f6nnen Sie sich in unserem Fitnessbereich bewegen.<\/span><span style=\"font-weight: 400;\">\u2019<\/span><span style=\"font-weight: 400;\">offen:<\/span><span style=\"font-weight: 400;\"><br \/><\/span><span style=\"font-weight: 400;\">Heimtrainer, B\u00e4nke und die n\u00f6tigste Ausr\u00fcstung, umgeben von Gr\u00fcn.<\/span><\/p><p><span style=\"font-weight: 400;\">Und wenn die Sehnsucht nach Ruhe aufkommt, sind unsere Bibliotheken alle<\/span><span style=\"font-weight: 400;\">\u2019<\/span><span style=\"font-weight: 400;\">\u00d6ffnen Sie die T\u00fcr und w\u00e4hlen Sie einen Roman.,<\/span><span style=\"font-weight: 400;\"><br \/><\/span><span style=\"font-weight: 400;\">hinsetzen<\/span><span style=\"font-weight: 400;\">\u2019<\/span><span style=\"font-weight: 400;\">Schatten und Lesen im nat\u00fcrlichen Licht, das nach Ruhe und l\u00e4ndlicher Idylle duftet.<\/span><\/p><p><span style=\"font-weight: 400;\">Es ist ein einfacher, langsamer Moment, der dich regeneriert und dich wieder mit dir selbst verbindet.<\/span><\/p><p><b>Dienstleistungen<\/b><\/p>                    <\/div>\n\n                                            <ul class=\"bsf-two-column-list\">\n                                                            <li>Outdoor-Fitnessbereich<\/li>\n                                                            <li>Heimtrainer<\/li>\n                                                            <li>Bank<\/li>\n                                                            <li>unverzichtbare Werkzeuge<\/li>\n                                                            <li>Im ganzen Dorf waren Buchhandlungen verstreut.<\/li>\n                                                    <\/ul>\n                    \n                                    <\/div>\n                \n                <div class=\"bsf-two-column-image\">\n                    <img decoding=\"async\" width=\"800\" height=\"447\" src=\"https:\/\/www.borgosanfrancesco.it\/wp-content\/uploads\/2025\/12\/Palestra-1024x572.webp\" class=\"bsf-two-col-img not-transparent\" alt=\"Sizilianisches Bauernhaus mit Swimmingpool\" srcset=\"https:\/\/www.borgosanfrancesco.it\/wp-content\/uploads\/2025\/12\/Palestra-1024x572.webp 1024w, https:\/\/www.borgosanfrancesco.it\/wp-content\/uploads\/2025\/12\/Palestra-768x429.webp 768w, https:\/\/www.borgosanfrancesco.it\/wp-content\/uploads\/2025\/12\/Palestra-1536x857.webp 1536w, https:\/\/www.borgosanfrancesco.it\/wp-content\/uploads\/2025\/12\/Palestra-2048x1143.webp 2048w\" sizes=\"(max-width: 800px) 100vw, 800px\" data-has-transparency=\"false\" data-dominant-color=\"888a79\" style=\"--dominant-color: #888a79;\" \/>                <\/div>\n            <\/div>\n        <\/section>\n        \t\t\t\t<\/div>\n\t\t\t\t<\/div>\n\t\t\t\t<div class=\"elementor-element elementor-element-c2d6bf9 elementor-widget elementor-widget-bsf-two-column-content\" data-id=\"c2d6bf9\" data-element_type=\"widget\" data-widget_type=\"bsf-two-column-content.default\">\n\t\t\t\t<div class=\"elementor-widget-container\">\n\t\t\t\t\t        <section class=\"bsf-two-column-section bsf-img-left\" >\n            <div class=\"bsf-two-column-container\" style=\"align-items: center;\">\n                <div class=\"bsf-two-column-content\">\n                                        \n                                            <h2 class=\"bsf-two-column-title\">Exklusiver Zugang zum Strand Gioiosa Marea<\/h2>\n                    \n                    <div class=\"bsf-two-column-description\">\n                        <p><strong>Und das Meer? Nur ein paar Kurven entfernt.<\/strong><span style=\"font-weight: 400;\"><br \/><\/span><strong>In 5 Minuten sind Sie schon in Gioiosa Marea.<\/strong><\/p><p><span style=\"font-weight: 400;\">Nur in unserem Borgo k\u00f6nnen Sie die Annehmlichkeiten des nahen Meeres genie\u00dfen, ohne auf die Ruhe und Abgeschiedenheit des Hangs verzichten zu m\u00fcssen.<\/span><span style=\"font-weight: 400;\"><br \/><\/span><span style=\"font-weight: 400;\">Sie k\u00f6nnen vom Gesang der V\u00f6gel geweckt werden und inmitten der B\u00e4ume fr\u00fchst\u00fccken.<\/span><span style=\"font-weight: 400;\"><br \/><\/span><span style=\"font-weight: 400;\">in dem Wissen, dass der Strand nur 5 Autominuten entfernt ist.<\/span><\/p><p><span style=\"font-weight: 400;\">In den Monaten Juli und August haben wir eine Vereinbarung mit einem Strandresort.<\/span><span style=\"font-weight: 400;\"><br \/><\/span><span style=\"font-weight: 400;\">Dazu geh\u00f6ren garantierte Parkpl\u00e4tze, Sonnenliegen, Sonnenschirme und eine Snackbar mit Meerblick f\u00fcr ein Mittagessen.<\/span><\/p><p><span style=\"font-weight: 400;\">Ein Tag voller Wellen und Sonne\u2026 und dann zur\u00fcck ins Dorf, wo einen die Stille wieder empf\u00e4ngt.<\/span><\/p>                    <\/div>\n\n                    \n                                    <\/div>\n                \n                <div class=\"bsf-two-column-image\">\n                    <img loading=\"lazy\" decoding=\"async\" width=\"800\" height=\"447\" src=\"https:\/\/www.borgosanfrancesco.it\/wp-content\/uploads\/2025\/12\/lido-gioiosa-marea-1024x572.webp\" class=\"bsf-two-col-img not-transparent\" alt=\"\" srcset=\"https:\/\/www.borgosanfrancesco.it\/wp-content\/uploads\/2025\/12\/lido-gioiosa-marea-1024x572.webp 1024w, https:\/\/www.borgosanfrancesco.it\/wp-content\/uploads\/2025\/12\/lido-gioiosa-marea-768x429.webp 768w, https:\/\/www.borgosanfrancesco.it\/wp-content\/uploads\/2025\/12\/lido-gioiosa-marea-1536x857.webp 1536w, https:\/\/www.borgosanfrancesco.it\/wp-content\/uploads\/2025\/12\/lido-gioiosa-marea-2048x1143.webp 2048w\" sizes=\"(max-width: 800px) 100vw, 800px\" data-has-transparency=\"false\" data-dominant-color=\"568294\" style=\"--dominant-color: #568294;\" \/>                <\/div>\n            <\/div>\n        <\/section>\n        \t\t\t\t<\/div>\n\t\t\t\t<\/div>\n\t\t\t\t\t<\/div>\n\t\t<\/div>\n\t\t\t\t\t<\/div>\n\t\t<\/section>\n\t\t\t\t<\/div>","protected":false},"excerpt":{"rendered":"<p>Ein Pool inmitten von Olivenb\u00e4umen am Fu\u00dfe des Nebrodi-Gebirges. Schalten Sie ab, vergessen Sie Verkehr, B\u00fcro und Handy \u2026 Zeit, in Ihren Urlaub einzutauchen. Ein exklusiver Pool f\u00fcr Borgo-G\u00e4ste, umgeben von Gr\u00fcn. Stellen Sie sich das k\u00fchle, klare Wasser vor, umgeben von Olivenb\u00e4umen. Die Kinder spielen im sicheren Bereich, w\u00e4hrend Sie sie im Blick behalten [\u2026]<\/p>","protected":false},"author":1,"featured_media":0,"parent":0,"menu_order":0,"comment_status":"closed","ping_status":"closed","template":"","meta":{"footnotes":""},"class_list":["post-987","page","type-page","status-publish","hentry"],"yoast_head":"<!-- This site is optimized with the Yoast SEO Premium plugin v26.0 (Yoast SEO v26.6) - https:\/\/yoast.com\/wordpress\/plugins\/seo\/ -->\n<title>Servizi e attivit\u00e0 - Borgo San Francesco<\/title>\n<meta name=\"robots\" content=\"index, follow, max-snippet:-1, max-image-preview:large, max-video-preview:-1\" \/>\n<link rel=\"canonical\" href=\"https:\/\/www.borgosanfrancesco.it\/de\/dienstleistungen-und-aktivitaten\/\" \/>\n<meta property=\"og:locale\" content=\"de_DE\" \/>\n<meta property=\"og:type\" content=\"article\" \/>\n<meta property=\"og:title\" content=\"Servizi e attivit\u00e0\" \/>\n<meta property=\"og:description\" content=\"Piscina tra gli ulivi ai piedi dei Nebrodi Stacca la spina, dimentica il traffico, l\u2019ufficio e il cellulare\u2026\u00e8 arrivato il momento di fare un tuffo nella tua vacanza. Una piscina solo per gli ospiti del Borgo, immersa nel verde. Immagina l\u2019acqua fresca e trasparente circondata dagli ulivi.I bambini giocano nella zona sicura, tu li osservi [&hellip;]\" \/>\n<meta property=\"og:url\" content=\"https:\/\/www.borgosanfrancesco.it\/de\/dienstleistungen-und-aktivitaten\/\" \/>\n<meta property=\"og:site_name\" content=\"Borgo San Francesco\" \/>\n<meta property=\"article:modified_time\" content=\"2025-12-17T16:57:46+00:00\" \/>\n<meta property=\"og:image\" content=\"https:\/\/borgosanfrancesco.it\/wp-content\/uploads\/2025\/12\/Piscina-768x1024.webp\" \/>\n<meta name=\"twitter:card\" content=\"summary_large_image\" \/>\n<meta name=\"twitter:label1\" content=\"Gesch\u00e4tzte Lesezeit\" \/>\n\t<meta name=\"twitter:data1\" content=\"4\u00a0Minuten\" \/>\n<script type=\"application\/ld+json\" class=\"yoast-schema-graph\">{\"@context\":\"https:\/\/schema.org\",\"@graph\":[{\"@type\":\"WebPage\",\"@id\":\"https:\/\/www.borgosanfrancesco.it\/servizi-e-attivita\/\",\"url\":\"https:\/\/www.borgosanfrancesco.it\/servizi-e-attivita\/\",\"name\":\"Servizi e attivit\u00e0 - Borgo San Francesco\",\"isPartOf\":{\"@id\":\"https:\/\/www.borgosanfrancesco.it\/#website\"},\"primaryImageOfPage\":{\"@id\":\"https:\/\/www.borgosanfrancesco.it\/servizi-e-attivita\/#primaryimage\"},\"image\":{\"@id\":\"https:\/\/www.borgosanfrancesco.it\/servizi-e-attivita\/#primaryimage\"},\"thumbnailUrl\":\"https:\/\/borgosanfrancesco.it\/wp-content\/uploads\/2025\/12\/Piscina-768x1024.webp\",\"datePublished\":\"2025-12-13T14:08:12+00:00\",\"dateModified\":\"2025-12-17T16:57:46+00:00\",\"breadcrumb\":{\"@id\":\"https:\/\/www.borgosanfrancesco.it\/servizi-e-attivita\/#breadcrumb\"},\"inLanguage\":\"de\",\"potentialAction\":[{\"@type\":\"ReadAction\",\"target\":[\"https:\/\/www.borgosanfrancesco.it\/servizi-e-attivita\/\"]}]},{\"@type\":\"ImageObject\",\"inLanguage\":\"de\",\"@id\":\"https:\/\/www.borgosanfrancesco.it\/servizi-e-attivita\/#primaryimage\",\"url\":\"https:\/\/borgosanfrancesco.it\/wp-content\/uploads\/2025\/12\/Piscina-768x1024.webp\",\"contentUrl\":\"https:\/\/borgosanfrancesco.it\/wp-content\/uploads\/2025\/12\/Piscina-768x1024.webp\"},{\"@type\":\"BreadcrumbList\",\"@id\":\"https:\/\/www.borgosanfrancesco.it\/servizi-e-attivita\/#breadcrumb\",\"itemListElement\":[{\"@type\":\"ListItem\",\"position\":1,\"name\":\"Home\",\"item\":\"https:\/\/www.borgosanfrancesco.it\/\"},{\"@type\":\"ListItem\",\"position\":2,\"name\":\"Servizi e attivit\u00e0\"}]},{\"@type\":\"WebSite\",\"@id\":\"https:\/\/www.borgosanfrancesco.it\/#website\",\"url\":\"https:\/\/www.borgosanfrancesco.it\/\",\"name\":\"Borgo San Francesco\",\"description\":\"\",\"publisher\":{\"@id\":\"https:\/\/www.borgosanfrancesco.it\/#organization\"},\"potentialAction\":[{\"@type\":\"SearchAction\",\"target\":{\"@type\":\"EntryPoint\",\"urlTemplate\":\"https:\/\/www.borgosanfrancesco.it\/?s={search_term_string}\"},\"query-input\":{\"@type\":\"PropertyValueSpecification\",\"valueRequired\":true,\"valueName\":\"search_term_string\"}}],\"inLanguage\":\"de\"},{\"@type\":\"Organization\",\"@id\":\"https:\/\/www.borgosanfrancesco.it\/#organization\",\"name\":\"Borgo San Francesco\",\"url\":\"https:\/\/www.borgosanfrancesco.it\/\",\"logo\":{\"@type\":\"ImageObject\",\"inLanguage\":\"de\",\"@id\":\"https:\/\/www.borgosanfrancesco.it\/#\/schema\/logo\/image\/\",\"url\":\"https:\/\/www.borgosanfrancesco.it\/wp-content\/uploads\/2025\/10\/LOGO-BORGO-SAN-FRANCESCO.webp\",\"contentUrl\":\"https:\/\/www.borgosanfrancesco.it\/wp-content\/uploads\/2025\/10\/LOGO-BORGO-SAN-FRANCESCO.webp\",\"width\":500,\"height\":300,\"caption\":\"Borgo San Francesco\"},\"image\":{\"@id\":\"https:\/\/www.borgosanfrancesco.it\/#\/schema\/logo\/image\/\"}}]}<\/script>\n<!-- \/ Yoast SEO Premium plugin. -->","yoast_head_json":{"title":"Dienstleistungen und Aktivit\u00e4ten - Borgo San Francesco","robots":{"index":"index","follow":"follow","max-snippet":"max-snippet:-1","max-image-preview":"max-image-preview:large","max-video-preview":"max-video-preview:-1"},"canonical":"https:\/\/www.borgosanfrancesco.it\/de\/dienstleistungen-und-aktivitaten\/","og_locale":"de_DE","og_type":"article","og_title":"Servizi e attivit\u00e0","og_description":"Piscina tra gli ulivi ai piedi dei Nebrodi Stacca la spina, dimentica il traffico, l\u2019ufficio e il cellulare\u2026\u00e8 arrivato il momento di fare un tuffo nella tua vacanza. Una piscina solo per gli ospiti del Borgo, immersa nel verde. Immagina l\u2019acqua fresca e trasparente circondata dagli ulivi.I bambini giocano nella zona sicura, tu li osservi [&hellip;]","og_url":"https:\/\/www.borgosanfrancesco.it\/de\/dienstleistungen-und-aktivitaten\/","og_site_name":"Borgo San Francesco","article_modified_time":"2025-12-17T16:57:46+00:00","og_image":[{"url":"https:\/\/borgosanfrancesco.it\/wp-content\/uploads\/2025\/12\/Piscina-768x1024.webp","type":"","width":"","height":""}],"twitter_card":"summary_large_image","twitter_misc":{"Gesch\u00e4tzte Lesezeit":"4\u00a0Minuten"},"schema":{"@context":"https:\/\/schema.org","@graph":[{"@type":"WebPage","@id":"https:\/\/www.borgosanfrancesco.it\/servizi-e-attivita\/","url":"https:\/\/www.borgosanfrancesco.it\/servizi-e-attivita\/","name":"Dienstleistungen und Aktivit\u00e4ten - Borgo San Francesco","isPartOf":{"@id":"https:\/\/www.borgosanfrancesco.it\/#website"},"primaryImageOfPage":{"@id":"https:\/\/www.borgosanfrancesco.it\/servizi-e-attivita\/#primaryimage"},"image":{"@id":"https:\/\/www.borgosanfrancesco.it\/servizi-e-attivita\/#primaryimage"},"thumbnailUrl":"https:\/\/borgosanfrancesco.it\/wp-content\/uploads\/2025\/12\/Piscina-768x1024.webp","datePublished":"2025-12-13T14:08:12+00:00","dateModified":"2025-12-17T16:57:46+00:00","breadcrumb":{"@id":"https:\/\/www.borgosanfrancesco.it\/servizi-e-attivita\/#breadcrumb"},"inLanguage":"de","potentialAction":[{"@type":"ReadAction","target":["https:\/\/www.borgosanfrancesco.it\/servizi-e-attivita\/"]}]},{"@type":"ImageObject","inLanguage":"de","@id":"https:\/\/www.borgosanfrancesco.it\/servizi-e-attivita\/#primaryimage","url":"https:\/\/borgosanfrancesco.it\/wp-content\/uploads\/2025\/12\/Piscina-768x1024.webp","contentUrl":"https:\/\/borgosanfrancesco.it\/wp-content\/uploads\/2025\/12\/Piscina-768x1024.webp"},{"@type":"BreadcrumbList","@id":"https:\/\/www.borgosanfrancesco.it\/servizi-e-attivita\/#breadcrumb","itemListElement":[{"@type":"ListItem","position":1,"name":"Home","item":"https:\/\/www.borgosanfrancesco.it\/"},{"@type":"ListItem","position":2,"name":"Servizi e attivit\u00e0"}]},{"@type":"WebSite","@id":"https:\/\/www.borgosanfrancesco.it\/#website","url":"https:\/\/www.borgosanfrancesco.it\/","name":"Borgo San Francesco","description":"","publisher":{"@id":"https:\/\/www.borgosanfrancesco.it\/#organization"},"potentialAction":[{"@type":"SearchAction","target":{"@type":"EntryPoint","urlTemplate":"https:\/\/www.borgosanfrancesco.it\/?s={search_term_string}"},"query-input":{"@type":"PropertyValueSpecification","valueRequired":true,"valueName":"search_term_string"}}],"inLanguage":"de"},{"@type":"Organization","@id":"https:\/\/www.borgosanfrancesco.it\/#organization","name":"Borgo San Francesco","url":"https:\/\/www.borgosanfrancesco.it\/","logo":{"@type":"ImageObject","inLanguage":"de","@id":"https:\/\/www.borgosanfrancesco.it\/#\/schema\/logo\/image\/","url":"https:\/\/www.borgosanfrancesco.it\/wp-content\/uploads\/2025\/10\/LOGO-BORGO-SAN-FRANCESCO.webp","contentUrl":"https:\/\/www.borgosanfrancesco.it\/wp-content\/uploads\/2025\/10\/LOGO-BORGO-SAN-FRANCESCO.webp","width":500,"height":300,"caption":"Borgo San Francesco"},"image":{"@id":"https:\/\/www.borgosanfrancesco.it\/#\/schema\/logo\/image\/"}}]}},"_links":{"self":[{"href":"https:\/\/www.borgosanfrancesco.it\/de\/wp-json\/wp\/v2\/pages\/987","targetHints":{"allow":["GET"]}}],"collection":[{"href":"https:\/\/www.borgosanfrancesco.it\/de\/wp-json\/wp\/v2\/pages"}],"about":[{"href":"https:\/\/www.borgosanfrancesco.it\/de\/wp-json\/wp\/v2\/types\/page"}],"author":[{"embeddable":true,"href":"https:\/\/www.borgosanfrancesco.it\/de\/wp-json\/wp\/v2\/users\/1"}],"replies":[{"embeddable":true,"href":"https:\/\/www.borgosanfrancesco.it\/de\/wp-json\/wp\/v2\/comments?post=987"}],"version-history":[{"count":16,"href":"https:\/\/www.borgosanfrancesco.it\/de\/wp-json\/wp\/v2\/pages\/987\/revisions"}],"predecessor-version":[{"id":1083,"href":"https:\/\/www.borgosanfrancesco.it\/de\/wp-json\/wp\/v2\/pages\/987\/revisions\/1083"}],"wp:attachment":[{"href":"https:\/\/www.borgosanfrancesco.it\/de\/wp-json\/wp\/v2\/media?parent=987"}],"curies":[{"name":"wp","href":"https:\/\/api.w.org\/{rel}","templated":true}]}}